{"id":1587,"date":"2023-08-20T20:54:27","date_gmt":"2023-08-20T18:54:27","guid":{"rendered":"https:\/\/szapolowska.pl\/?page_id=1587"},"modified":"2023-08-20T21:24:54","modified_gmt":"2023-08-20T19:24:54","slug":"ksiazki","status":"publish","type":"page","link":"https:\/\/szapolowska.pl\/index.php\/strona-glowna\/ksiazki\/","title":{"rendered":"Ksi\u0105\u017cki"},"content":{"rendered":"\t\t<div data-elementor-type=\"wp-page\" data-elementor-id=\"1587\" class=\"elementor elementor-1587\">\n\t\t\t\t\t\t\t\t\t<section class=\"elementor-section elementor-top-section elementor-element elementor-element-1d4f578c elementor-section-height-full elementor-section-full_width elementor-section-stretched elementor-section-height-default elementor-section-items-middle\" data-id=\"1d4f578c\" data-element_type=\"section\" data-settings=\"{&quot;background_background&quot;:&quot;classic&quot;,&quot;stretch_section&quot;:&quot;section-stretched&quot;}\" data-e-bg-lazyload=\"\">\n\t\t\t\t\t\t<div class=\"elementor-container elementor-column-gap-default\">\n\t\t\t\t\t<div class=\"elementor-column elementor-col-50 elementor-top-column elementor-element elementor-element-29672585\" data-id=\"29672585\" data-element_type=\"column\">\n\t\t\t<div class=\"elementor-widget-wrap elementor-element-populated\">\n\t\t\t\t\t\t\t\t<div class=\"elementor-element elementor-element-1c0e043f xpro-widget-bg-overlay elementor-widget elementor-widget-heading\" data-id=\"1c0e043f\" data-element_type=\"widget\" data-widget_type=\"heading.default\">\n\t\t\t\t<div class=\"elementor-widget-container\">\n\t\t\t<style>\/*! elementor - v3.17.0 - 08-11-2023 *\/\n.elementor-heading-title{padding:0;margin:0;line-height:1}.elementor-widget-heading .elementor-heading-title[class*=elementor-size-]>a{color:inherit;font-size:inherit;line-height:inherit}.elementor-widget-heading .elementor-heading-title.elementor-size-small{font-size:15px}.elementor-widget-heading .elementor-heading-title.elementor-size-medium{font-size:19px}.elementor-widget-heading .elementor-heading-title.elementor-size-large{font-size:29px}.elementor-widget-heading .elementor-heading-title.elementor-size-xl{font-size:39px}.elementor-widget-heading .elementor-heading-title.elementor-size-xxl{font-size:59px}<\/style><h2 class=\"elementor-heading-title elementor-size-default\">ksi\u0105\u017cka to \u015aWIAT PE\u0141EN EMOCJI, REFLEKSJI I NIEZWYK\u0141YCH HISTORII...<\/h2>\t\t<\/div>\n\t\t\t\t<\/div>\n\t\t\t\t\t<\/div>\n\t\t<\/div>\n\t\t\t\t<div class=\"elementor-column elementor-col-50 elementor-top-column elementor-element elementor-element-423b5fd1\" data-id=\"423b5fd1\" data-element_type=\"column\">\n\t\t\t<div class=\"elementor-widget-wrap elementor-element-populated\">\n\t\t\t\t\t\t\t\t<div class=\"elementor-element elementor-element-1f7768cd elementor-widget__width-initial elementor-widget elementor-widget-text-editor\" data-id=\"1f7768cd\" data-element_type=\"widget\" data-widget_type=\"text-editor.default\">\n\t\t\t\t<div class=\"elementor-widget-container\">\n\t\t\t<style>\/*! elementor - v3.17.0 - 08-11-2023 *\/\n.elementor-widget-text-editor.elementor-drop-cap-view-stacked .elementor-drop-cap{background-color:#69727d;color:#fff}.elementor-widget-text-editor.elementor-drop-cap-view-framed .elementor-drop-cap{color:#69727d;border:3px solid;background-color:transparent}.elementor-widget-text-editor:not(.elementor-drop-cap-view-default) .elementor-drop-cap{margin-top:8px}.elementor-widget-text-editor:not(.elementor-drop-cap-view-default) .elementor-drop-cap-letter{width:1em;height:1em}.elementor-widget-text-editor .elementor-drop-cap{float:left;text-align:center;line-height:1;font-size:50px}.elementor-widget-text-editor .elementor-drop-cap-letter{display:inline-block}<\/style>\t\t\t\t\t\t\t\t\t\t<\/div>\n\t\t\t\t<\/div>\n\t\t\t\t\t<\/div>\n\t\t<\/div>\n\t\t\t\t\t\t\t<\/div>\n\t\t<\/section>\n\t\t\t\t<section class=\"elementor-section elementor-top-section elementor-element elementor-element-fa70a89 elementor-section-height-min-height elementor-section-full_width elementor-section-stretched elementor-section-height-default elementor-section-items-middle elementor-invisible\" data-id=\"fa70a89\" data-element_type=\"section\" data-settings=\"{&quot;background_background&quot;:&quot;classic&quot;,&quot;stretch_section&quot;:&quot;section-stretched&quot;,&quot;animation&quot;:&quot;fadeIn&quot;}\">\n\t\t\t\t\t\t<div class=\"elementor-container elementor-column-gap-default\">\n\t\t\t\t\t<div class=\"elementor-column elementor-col-50 elementor-top-column elementor-element elementor-element-135d963\" data-id=\"135d963\" data-element_type=\"column\" data-settings=\"{&quot;background_background&quot;:&quot;classic&quot;}\">\n\t\t\t<div class=\"elementor-widget-wrap elementor-element-populated\">\n\t\t\t\t\t\t\t\t<div class=\"elementor-element elementor-element-4be0dd4 elementor-invisible elementor-widget elementor-widget-image\" data-id=\"4be0dd4\" data-element_type=\"widget\" data-settings=\"{&quot;_animation&quot;:&quot;xpro-anim-reveal-from-up&quot;,&quot;_animation_delay&quot;:500}\" data-widget_type=\"image.default\">\n\t\t\t\t<div class=\"elementor-widget-container\">\n\t\t\t<style>\/*! elementor - v3.17.0 - 08-11-2023 *\/\n.elementor-widget-image{text-align:center}.elementor-widget-image a{display:inline-block}.elementor-widget-image a img[src$=\".svg\"]{width:48px}.elementor-widget-image img{vertical-align:middle;display:inline-block}<\/style>\t\t\t\t\t\t\t\t\t\t\t\t<img loading=\"lazy\" decoding=\"async\" width=\"292\" height=\"430\" src=\"https:\/\/szapolowska.pl\/wp-content\/uploads\/2023\/08\/zapomnialam-o-tobie-_okladka.webp\" class=\"attachment-full size-full wp-image-1589\" alt=\"\" srcset=\"https:\/\/szapolowska.pl\/wp-content\/uploads\/2023\/08\/zapomnialam-o-tobie-_okladka.webp 292w, https:\/\/szapolowska.pl\/wp-content\/uploads\/2023\/08\/zapomnialam-o-tobie-_okladka-204x300.webp 204w\" sizes=\"(max-width: 292px) 100vw, 292px\" \/>\t\t\t\t\t\t\t\t\t\t\t\t\t\t\t<\/div>\n\t\t\t\t<\/div>\n\t\t\t\t\t<\/div>\n\t\t<\/div>\n\t\t\t\t<div class=\"elementor-column elementor-col-50 elementor-top-column elementor-element elementor-element-64cb367\" data-id=\"64cb367\" data-element_type=\"column\">\n\t\t\t<div class=\"elementor-widget-wrap elementor-element-populated\">\n\t\t\t\t\t\t\t\t<div class=\"elementor-element elementor-element-3a33b02 xpro-widget-bg-overlay elementor-widget elementor-widget-heading\" data-id=\"3a33b02\" data-element_type=\"widget\" data-settings=\"{&quot;xpro_backdrop_filter&quot;:&quot;yes&quot;}\" data-widget_type=\"heading.default\">\n\t\t\t\t<div class=\"elementor-widget-container\">\n\t\t\t<h2 class=\"elementor-heading-title elementor-size-default\">\"zapomnia\u0142am o tobie\"<\/h2>\t\t<\/div>\n\t\t\t\t<\/div>\n\t\t\t\t<div class=\"elementor-element elementor-element-26230af elementor-widget__width-initial elementor-widget elementor-widget-text-editor\" data-id=\"26230af\" data-element_type=\"widget\" data-widget_type=\"text-editor.default\">\n\t\t\t\t<div class=\"elementor-widget-container\">\n\t\t\t\t\t\t\t<p>Kobiety marz\u0105 ca\u0142e \u017cycie o takiej mi\u0142o\u015bci. Niekt\u00f3re maj\u0105 szcz\u0119\u015bcie j\u0105 prze\u017cy\u0107, inne mog\u0105 tylko o tym poczyta\u0107&#8230;<\/p><p>Gra\u017cyna zabiera nas w \u015bwiat nasycony t\u0119sknot\u0105, pragnieniami i &#8230;&#8230;, przy okazji ukazuj\u0105c codzienne trudy \u017cycia aktorki i matki. Ca\u0142o\u015b\u0107 osadzona w realiach \u017cycia w PRL-u jest dodatkowym atutem tej ksi\u0105\u017cki&#8230;<\/p><p>Kasia Kowalska<\/p><p>To jest pi\u0119kna ksi\u0105\u017cka! Ludzie spragnieni s\u0105 mi\u0142o\u015bci i marze\u0144. A Gra\u017cyna pokazuje, \u017ce to wszystko istnieje i mo\u017cna to prze\u017cy\u0107. Taka mi\u0142o\u015b\u0107 nigdy nie umiera, bo ma dusz\u0119?<\/p><p>Bernadeta Vigil<\/p>\t\t\t\t\t\t<\/div>\n\t\t\t\t<\/div>\n\t\t\t\t\t<\/div>\n\t\t<\/div>\n\t\t\t\t\t\t\t<\/div>\n\t\t<\/section>\n\t\t\t\t<section class=\"elementor-section elementor-top-section elementor-element elementor-element-b81b691 elementor-section-height-min-height elementor-section-full_width elementor-section-stretched elementor-section-height-default elementor-section-items-middle elementor-invisible\" data-id=\"b81b691\" data-element_type=\"section\" data-settings=\"{&quot;background_background&quot;:&quot;classic&quot;,&quot;stretch_section&quot;:&quot;section-stretched&quot;,&quot;animation&quot;:&quot;fadeIn&quot;}\">\n\t\t\t\t\t\t<div class=\"elementor-container elementor-column-gap-default\">\n\t\t\t\t\t<div class=\"elementor-column elementor-col-50 elementor-top-column elementor-element elementor-element-b6df1f8\" data-id=\"b6df1f8\" data-element_type=\"column\">\n\t\t\t<div class=\"elementor-widget-wrap elementor-element-populated\">\n\t\t\t\t\t\t\t\t<div class=\"elementor-element elementor-element-298bed2 xpro-widget-bg-overlay elementor-widget elementor-widget-heading\" data-id=\"298bed2\" data-element_type=\"widget\" data-settings=\"{&quot;xpro_backdrop_filter&quot;:&quot;yes&quot;}\" data-widget_type=\"heading.default\">\n\t\t\t\t<div class=\"elementor-widget-container\">\n\t\t\t<h2 class=\"elementor-heading-title elementor-size-default\">\"poza mn\u0105\"<\/h2>\t\t<\/div>\n\t\t\t\t<\/div>\n\t\t\t\t<div class=\"elementor-element elementor-element-6a19bde elementor-widget__width-initial elementor-widget elementor-widget-text-editor\" data-id=\"6a19bde\" data-element_type=\"widget\" data-widget_type=\"text-editor.default\">\n\t\t\t\t<div class=\"elementor-widget-container\">\n\t\t\t\t\t\t\t<p>Bezdomna \u015bpi\u0105ca pod ogromn\u0105 witryn\u0105 wype\u0142nion\u0105 kolorowymi \u0142\u00f3\u017ckami, kobieta, kt\u00f3ra kradnie r\u00f3\u017cowy per\u0142owy naszyjnik dziecka swojego kochanka, pr\u00f3buj\u0105c ochroni\u0107 mi\u0142o\u015b\u0107, dziewczynka \u0142api\u0105ca spadaj\u0105ce gwiazdy w nadziei, \u017ce jedna z nich przywr\u00f3ci jej obecno\u015b\u0107 ojca\u2026<\/p><p>\u2013 to tylko kilka postaci z drugiego zbioru opowiada\u0144 Gra\u017cyny Szapo\u0142owskiej. Poza mn\u0105 jest zapisem cudzej codzienno\u015bci dostrze\u017conej przez autork\u0119 na ulicach Warszawy, Delhi, w zau\u0142kach Moskwy, na dubajskiej pustyni, pla\u017cach w Kostaryce czy Portimao.<\/p><p>Szapo\u0142owska z zauwa\u017conych gest\u00f3w, mimowolnych reakcji, us\u0142yszanych s\u0142\u00f3w buduje rzeczywisto\u015b\u0107 swoich bohater\u00f3w. Ich historie opisane obrazowym, sensualnym i momentami przewrotnym j\u0119zykiem zdumiewaj\u0105 autentyczno\u015bci\u0105. Poza mn\u0105 intryguje, bawi i wzrusza, a autorce czasem wystarcz\u0105 dwie strony papieru, by zamkn\u0105\u0107 w nich opowie\u015b\u0107 o czyim\u015b intymnym \u015bwiecie.<\/p>\t\t\t\t\t\t<\/div>\n\t\t\t\t<\/div>\n\t\t\t\t\t<\/div>\n\t\t<\/div>\n\t\t\t\t<div class=\"elementor-column elementor-col-50 elementor-top-column elementor-element elementor-element-7bb237e\" data-id=\"7bb237e\" data-element_type=\"column\" data-settings=\"{&quot;background_background&quot;:&quot;classic&quot;}\">\n\t\t\t<div class=\"elementor-widget-wrap elementor-element-populated\">\n\t\t\t\t\t\t\t\t<div class=\"elementor-element elementor-element-0bd74d9 elementor-invisible elementor-widget elementor-widget-image\" data-id=\"0bd74d9\" data-element_type=\"widget\" data-settings=\"{&quot;_animation&quot;:&quot;xpro-anim-reveal-from-up&quot;,&quot;_animation_delay&quot;:500}\" data-widget_type=\"image.default\">\n\t\t\t\t<div class=\"elementor-widget-container\">\n\t\t\t\t\t\t\t\t\t\t\t\t\t\t\t<img loading=\"lazy\" decoding=\"async\" width=\"352\" height=\"500\" src=\"https:\/\/szapolowska.pl\/wp-content\/uploads\/2023\/08\/poza-mna.jpg\" class=\"attachment-full size-full wp-image-1594\" alt=\"gra\u017cyna szapo\u0142owska\" srcset=\"https:\/\/szapolowska.pl\/wp-content\/uploads\/2023\/08\/poza-mna.jpg 352w, https:\/\/szapolowska.pl\/wp-content\/uploads\/2023\/08\/poza-mna-211x300.jpg 211w\" sizes=\"(max-width: 352px) 100vw, 352px\" \/>\t\t\t\t\t\t\t\t\t\t\t\t\t\t\t<\/div>\n\t\t\t\t<\/div>\n\t\t\t\t\t<\/div>\n\t\t<\/div>\n\t\t\t\t\t\t\t<\/div>\n\t\t<\/section>\n\t\t\t\t<section class=\"elementor-section elementor-top-section elementor-element elementor-element-4262d424 elementor-section-height-min-height elementor-section-full_width elementor-section-stretched elementor-section-height-default elementor-section-items-middle elementor-invisible\" data-id=\"4262d424\" data-element_type=\"section\" data-settings=\"{&quot;background_background&quot;:&quot;classic&quot;,&quot;stretch_section&quot;:&quot;section-stretched&quot;,&quot;animation&quot;:&quot;fadeIn&quot;}\">\n\t\t\t\t\t\t<div class=\"elementor-container elementor-column-gap-default\">\n\t\t\t\t\t<div class=\"elementor-column elementor-col-50 elementor-top-column elementor-element elementor-element-63266596\" data-id=\"63266596\" data-element_type=\"column\" data-settings=\"{&quot;background_background&quot;:&quot;classic&quot;}\">\n\t\t\t<div class=\"elementor-widget-wrap elementor-element-populated\">\n\t\t\t\t\t\t\t\t<div class=\"elementor-element elementor-element-2fb236ea elementor-invisible elementor-widget elementor-widget-image\" data-id=\"2fb236ea\" data-element_type=\"widget\" data-settings=\"{&quot;_animation&quot;:&quot;xpro-anim-reveal-from-up&quot;,&quot;_animation_delay&quot;:500}\" data-widget_type=\"image.default\">\n\t\t\t\t<div class=\"elementor-widget-container\">\n\t\t\t\t\t\t\t\t\t\t\t\t\t\t\t<img loading=\"lazy\" decoding=\"async\" width=\"300\" height=\"474\" src=\"https:\/\/szapolowska.pl\/wp-content\/uploads\/2023\/08\/scigajac-pamiec.webp\" class=\"attachment-full size-full wp-image-1599\" alt=\"gra\u017cyna szapo\u0142owska\" srcset=\"https:\/\/szapolowska.pl\/wp-content\/uploads\/2023\/08\/scigajac-pamiec.webp 300w, https:\/\/szapolowska.pl\/wp-content\/uploads\/2023\/08\/scigajac-pamiec-190x300.webp 190w\" sizes=\"(max-width: 300px) 100vw, 300px\" \/>\t\t\t\t\t\t\t\t\t\t\t\t\t\t\t<\/div>\n\t\t\t\t<\/div>\n\t\t\t\t\t<\/div>\n\t\t<\/div>\n\t\t\t\t<div class=\"elementor-column elementor-col-50 elementor-top-column elementor-element elementor-element-14e9774d\" data-id=\"14e9774d\" data-element_type=\"column\">\n\t\t\t<div class=\"elementor-widget-wrap elementor-element-populated\">\n\t\t\t\t\t\t\t\t<div class=\"elementor-element elementor-element-57a90ed6 xpro-widget-bg-overlay elementor-widget elementor-widget-heading\" data-id=\"57a90ed6\" data-element_type=\"widget\" data-settings=\"{&quot;xpro_backdrop_filter&quot;:&quot;yes&quot;}\" data-widget_type=\"heading.default\">\n\t\t\t\t<div class=\"elementor-widget-container\">\n\t\t\t<h2 class=\"elementor-heading-title elementor-size-default\">\"\u015bcigaj\u0105c pami\u0119\u0107\"<\/h2>\t\t<\/div>\n\t\t\t\t<\/div>\n\t\t\t\t<div class=\"elementor-element elementor-element-56292ee elementor-widget__width-initial elementor-widget elementor-widget-text-editor\" data-id=\"56292ee\" data-element_type=\"widget\" data-widget_type=\"text-editor.default\">\n\t\t\t\t<div class=\"elementor-widget-container\">\n\t\t\t\t\t\t\t<p>W autobiograficznej powie\u015bci autorka opowiada o emocjonalnej podr\u00f3\u017cy, kt\u00f3r\u0105 odbywa w dw\u00f3ch przestrzeniach: realnej i umys\u0142owej.<\/p><p>Pierwsza ma okre\u015blony czas i miejsce. Jest nim dom w Aninie i okres 13-14 tygodni, w trakcie kt\u00f3rych umiera\u0142a matka bohaterki. Poszczeg\u00f3lne zdarzenia zapisane w formie notatek czy relacji stanowi\u0105 g\u0142\u00f3wn\u0105 o\u015b utworu i budz\u0105 pami\u0119\u0107 \u2013 czyli drug\u0105 przestrze\u0144. Codzienno\u015b\u0107 przecinaj\u0105 wspomnienia dzieci\u0144stwa, plan\u00f3w filmowych, mi\u0142o\u015bci, spotka\u0144, podr\u00f3\u017cy. Obrazami z przesz\u0142o\u015bci steruj\u0105 emocje i wra\u017cliwo\u015b\u0107 autorki. Spoza maski zimnej femme fatal przyczepionej jej przez media wy\u0142ania si\u0119 wra\u017cliwy cz\u0142owiek, uwa\u017cny obserwator ludzi i otaczaj\u0105cej rzeczywisto\u015bci.<\/p>\t\t\t\t\t\t<\/div>\n\t\t\t\t<\/div>\n\t\t\t\t\t<\/div>\n\t\t<\/div>\n\t\t\t\t\t\t\t<\/div>\n\t\t<\/section>\n\t\t\t\t<section class=\"elementor-section elementor-top-section elementor-element elementor-element-013c82a elementor-section-height-min-height elementor-section-full_width elementor-section-stretched elementor-section-height-default elementor-section-items-middle elementor-invisible\" data-id=\"013c82a\" data-element_type=\"section\" data-settings=\"{&quot;background_background&quot;:&quot;classic&quot;,&quot;stretch_section&quot;:&quot;section-stretched&quot;,&quot;animation&quot;:&quot;fadeIn&quot;}\">\n\t\t\t\t\t\t<div class=\"elementor-container elementor-column-gap-default\">\n\t\t\t\t\t<div class=\"elementor-column elementor-col-50 elementor-top-column elementor-element elementor-element-1c76259\" data-id=\"1c76259\" data-element_type=\"column\">\n\t\t\t<div class=\"elementor-widget-wrap elementor-element-populated\">\n\t\t\t\t\t\t\t\t<div class=\"elementor-element elementor-element-c6ac11b xpro-widget-bg-overlay elementor-widget elementor-widget-heading\" data-id=\"c6ac11b\" data-element_type=\"widget\" data-settings=\"{&quot;xpro_backdrop_filter&quot;:&quot;yes&quot;}\" data-widget_type=\"heading.default\">\n\t\t\t\t<div class=\"elementor-widget-container\">\n\t\t\t<h2 class=\"elementor-heading-title elementor-size-default\">\"poca\u0142unki\"<\/h2>\t\t<\/div>\n\t\t\t\t<\/div>\n\t\t\t\t<div class=\"elementor-element elementor-element-4638773 elementor-widget__width-initial elementor-widget elementor-widget-text-editor\" data-id=\"4638773\" data-element_type=\"widget\" data-widget_type=\"text-editor.default\">\n\t\t\t\t<div class=\"elementor-widget-container\">\n\t\t\t\t\t\t\t<div class=\"col-lg-8 col-lg-8--1024\"><div id=\"book-description\" class=\"js-book-collapse partial-collapse pr-0 pl-0 pl-lg-3 collapse show\" aria-expanded=\"false\" data-maxheight=\"44.573000000000036\" data-height=\"44.573000000000036\" data-autoheight=\"1\"><div class=\"collapse-content\"><p>Zbi\u00f3r opowiada\u0144, literackich miniatur drukowanych pierwotnie w PANI.<\/p><p>Pr\u00f3ba zapisu subtelnego do\u015bwiadczenia kobiety-narratorki, jej emocji, t\u0119sknot i obserwacji.<\/p><p>W &#8222;Poca\u0142unkach&#8221; autork\u0119 zajmuj\u0105 przede wszystkim zwi\u0105zki mi\u0119dzy lud\u017ami, relacje damsko-m\u0119skie i pokoleniowe oraz r\u00f3\u017cne oblicza mi\u0142o\u015bci.<\/p><p>Ksi\u0105\u017ck\u0119 ilustruje cykl fotograficznych wizerunk\u00f3w Gra\u017cyny Szapo\u0142owskiej.<\/p><\/div><\/div><div class=\"col-lg-12 pl-lg-3 px-0\">\u00a0<\/div><\/div><div id=\"addToLibraryWidget35060\" class=\"col-lg-4 col-lg-4--1024 d-block js-addToLibraryWidget\">\u00a0<\/div>\t\t\t\t\t\t<\/div>\n\t\t\t\t<\/div>\n\t\t\t\t\t<\/div>\n\t\t<\/div>\n\t\t\t\t<div class=\"elementor-column elementor-col-50 elementor-top-column elementor-element elementor-element-1ac08b3\" data-id=\"1ac08b3\" data-element_type=\"column\" data-settings=\"{&quot;background_background&quot;:&quot;classic&quot;}\">\n\t\t\t<div class=\"elementor-widget-wrap elementor-element-populated\">\n\t\t\t\t\t\t\t\t<div class=\"elementor-element elementor-element-f09cdd5 elementor-invisible elementor-widget elementor-widget-image\" data-id=\"f09cdd5\" data-element_type=\"widget\" data-settings=\"{&quot;_animation&quot;:&quot;xpro-anim-reveal-from-up&quot;,&quot;_animation_delay&quot;:500}\" data-widget_type=\"image.default\">\n\t\t\t\t<div class=\"elementor-widget-container\">\n\t\t\t\t\t\t\t\t\t\t\t\t\t\t\t<img loading=\"lazy\" decoding=\"async\" width=\"461\" height=\"777\" src=\"https:\/\/szapolowska.pl\/wp-content\/uploads\/2023\/08\/pocalunki-Grazyna-szapolowska.jpg\" class=\"attachment-full size-full wp-image-1604\" alt=\"poca\u0142unki\" srcset=\"https:\/\/szapolowska.pl\/wp-content\/uploads\/2023\/08\/pocalunki-Grazyna-szapolowska.jpg 461w, https:\/\/szapolowska.pl\/wp-content\/uploads\/2023\/08\/pocalunki-Grazyna-szapolowska-178x300.jpg 178w\" sizes=\"(max-width: 461px) 100vw, 461px\" \/>\t\t\t\t\t\t\t\t\t\t\t\t\t\t\t<\/div>\n\t\t\t\t<\/div>\n\t\t\t\t\t<\/div>\n\t\t<\/div>\n\t\t\t\t\t\t\t<\/div>\n\t\t<\/section>\n\t\t\t\t\t\t\t<\/div>\n\t\t","protected":false},"excerpt":{"rendered":"<p>ksi\u0105\u017cka to \u015aWIAT PE\u0141EN EMOCJI, REFLEKSJI I NIEZWYK\u0141YCH HISTORII&#8230; &#8222;zapomnia\u0142am o tobie&#8221; Kobiety marz\u0105 ca\u0142e \u017cycie o takiej mi\u0142o\u015bci. Niekt\u00f3re maj\u0105 szcz\u0119\u015bcie j\u0105 prze\u017cy\u0107, inne mog\u0105 tylko o tym poczyta\u0107&#8230; Gra\u017cyna zabiera nas w \u015bwiat nasycony t\u0119sknot\u0105, pragnieniami i &#8230;&#8230;, przy okazji ukazuj\u0105c codzienne trudy \u017cycia aktorki i matki. Ca\u0142o\u015b\u0107 osadzona w realiach \u017cycia w&hellip;&nbsp;<a href=\"https:\/\/szapolowska.pl\/index.php\/strona-glowna\/ksiazki\/\" class=\"\" rel=\"bookmark\">Czytaj dalej &raquo;<span class=\"screen-reader-text\">Ksi\u0105\u017cki<\/span><\/a><\/p>\n","protected":false},"author":1,"featured_media":0,"parent":1445,"menu_order":0,"comment_status":"closed","ping_status":"closed","template":"","meta":{"neve_meta_sidebar":"","neve_meta_container":"","neve_meta_enable_content_width":"","neve_meta_content_width":0,"neve_meta_title_alignment":"","neve_meta_author_avatar":"","neve_post_elements_order":"","neve_meta_disable_header":"","neve_meta_disable_footer":"","neve_meta_disable_title":"","footnotes":""},"_links":{"self":[{"href":"https:\/\/szapolowska.pl\/index.php\/wp-json\/wp\/v2\/pages\/1587"}],"collection":[{"href":"https:\/\/szapolowska.pl\/index.php\/wp-json\/wp\/v2\/pages"}],"about":[{"href":"https:\/\/szapolowska.pl\/index.php\/wp-json\/wp\/v2\/types\/page"}],"author":[{"embeddable":true,"href":"https:\/\/szapolowska.pl\/index.php\/wp-json\/wp\/v2\/users\/1"}],"replies":[{"embeddable":true,"href":"https:\/\/szapolowska.pl\/index.php\/wp-json\/wp\/v2\/comments?post=1587"}],"version-history":[{"count":14,"href":"https:\/\/szapolowska.pl\/index.php\/wp-json\/wp\/v2\/pages\/1587\/revisions"}],"predecessor-version":[{"id":1609,"href":"https:\/\/szapolowska.pl\/index.php\/wp-json\/wp\/v2\/pages\/1587\/revisions\/1609"}],"up":[{"embeddable":true,"href":"https:\/\/szapolowska.pl\/index.php\/wp-json\/wp\/v2\/pages\/1445"}],"wp:attachment":[{"href":"https:\/\/szapolowska.pl\/index.php\/wp-json\/wp\/v2\/media?parent=1587"}],"curies":[{"name":"wp","href":"https:\/\/api.w.org\/{rel}","templated":true}]}}