{"id":1559,"date":"2023-08-20T18:06:00","date_gmt":"2023-08-20T16:06:00","guid":{"rendered":"https:\/\/szapolowska.pl\/?page_id=1559"},"modified":"2023-11-23T09:37:32","modified_gmt":"2023-11-23T08:37:32","slug":"biografia","status":"publish","type":"page","link":"https:\/\/szapolowska.pl\/index.php\/strona-glowna\/biografia\/","title":{"rendered":"Biografia"},"content":{"rendered":"\t\t<div data-elementor-type=\"wp-page\" data-elementor-id=\"1559\" class=\"elementor elementor-1559\">\n\t\t\t\t\t\t\t\t\t<section class=\"elementor-section elementor-top-section elementor-element elementor-element-56799267 elementor-section-height-full elementor-section-full_width elementor-section-stretched elementor-section-height-default elementor-section-items-middle\" data-id=\"56799267\" data-element_type=\"section\" data-settings=\"{&quot;background_background&quot;:&quot;classic&quot;,&quot;stretch_section&quot;:&quot;section-stretched&quot;}\" data-e-bg-lazyload=\"\">\n\t\t\t\t\t\t<div class=\"elementor-container elementor-column-gap-default\">\n\t\t\t\t\t<div class=\"elementor-column elementor-col-50 elementor-top-column elementor-element elementor-element-e6546b9\" data-id=\"e6546b9\" data-element_type=\"column\">\n\t\t\t<div class=\"elementor-widget-wrap elementor-element-populated\">\n\t\t\t\t\t\t\t\t<div class=\"elementor-element elementor-element-236ec66a elementor-widget__width-initial xpro-widget-bg-overlay elementor-widget elementor-widget-heading\" data-id=\"236ec66a\" data-element_type=\"widget\" data-widget_type=\"heading.default\">\n\t\t\t\t<div class=\"elementor-widget-container\">\n\t\t\t<style>\/*! elementor - v3.17.0 - 08-11-2023 *\/\n.elementor-heading-title{padding:0;margin:0;line-height:1}.elementor-widget-heading .elementor-heading-title[class*=elementor-size-]>a{color:inherit;font-size:inherit;line-height:inherit}.elementor-widget-heading .elementor-heading-title.elementor-size-small{font-size:15px}.elementor-widget-heading .elementor-heading-title.elementor-size-medium{font-size:19px}.elementor-widget-heading .elementor-heading-title.elementor-size-large{font-size:29px}.elementor-widget-heading .elementor-heading-title.elementor-size-xl{font-size:39px}.elementor-widget-heading .elementor-heading-title.elementor-size-xxl{font-size:59px}<\/style><h2 class=\"elementor-heading-title elementor-size-default\">BIOGRAFIA<\/h2>\t\t<\/div>\n\t\t\t\t<\/div>\n\t\t\t\t\t<\/div>\n\t\t<\/div>\n\t\t\t\t<div class=\"elementor-column elementor-col-50 elementor-top-column elementor-element elementor-element-53cbe203\" data-id=\"53cbe203\" data-element_type=\"column\">\n\t\t\t<div class=\"elementor-widget-wrap elementor-element-populated\">\n\t\t\t\t\t\t\t\t<div class=\"elementor-element elementor-element-777e8d6f elementor-widget__width-initial elementor-widget elementor-widget-text-editor\" data-id=\"777e8d6f\" data-element_type=\"widget\" data-widget_type=\"text-editor.default\">\n\t\t\t\t<div class=\"elementor-widget-container\">\n\t\t\t<style>\/*! elementor - v3.17.0 - 08-11-2023 *\/\n.elementor-widget-text-editor.elementor-drop-cap-view-stacked .elementor-drop-cap{background-color:#69727d;color:#fff}.elementor-widget-text-editor.elementor-drop-cap-view-framed .elementor-drop-cap{color:#69727d;border:3px solid;background-color:transparent}.elementor-widget-text-editor:not(.elementor-drop-cap-view-default) .elementor-drop-cap{margin-top:8px}.elementor-widget-text-editor:not(.elementor-drop-cap-view-default) .elementor-drop-cap-letter{width:1em;height:1em}.elementor-widget-text-editor .elementor-drop-cap{float:left;text-align:center;line-height:1;font-size:50px}.elementor-widget-text-editor .elementor-drop-cap-letter{display:inline-block}<\/style>\t\t\t\t\t\t\t\t\t\t<\/div>\n\t\t\t\t<\/div>\n\t\t\t\t\t<\/div>\n\t\t<\/div>\n\t\t\t\t\t\t\t<\/div>\n\t\t<\/section>\n\t\t\t\t<section class=\"elementor-section elementor-top-section elementor-element elementor-element-7388f177 elementor-section-height-min-height elementor-section-full_width elementor-section-stretched elementor-section-height-default elementor-section-items-middle elementor-invisible\" data-id=\"7388f177\" data-element_type=\"section\" data-settings=\"{&quot;background_background&quot;:&quot;classic&quot;,&quot;stretch_section&quot;:&quot;section-stretched&quot;,&quot;animation&quot;:&quot;fadeIn&quot;}\">\n\t\t\t\t\t\t<div class=\"elementor-container elementor-column-gap-default\">\n\t\t\t\t\t<div class=\"elementor-column elementor-col-50 elementor-top-column elementor-element elementor-element-4c3953b3\" data-id=\"4c3953b3\" data-element_type=\"column\">\n\t\t\t<div class=\"elementor-widget-wrap elementor-element-populated\">\n\t\t\t\t\t\t\t\t<div class=\"elementor-element elementor-element-14d97a34 elementor-widget__width-initial elementor-invisible elementor-widget elementor-widget-image\" data-id=\"14d97a34\" data-element_type=\"widget\" data-settings=\"{&quot;_animation&quot;:&quot;xpro-anim-reveal-from-up&quot;,&quot;_animation_delay&quot;:500}\" data-widget_type=\"image.default\">\n\t\t\t\t<div class=\"elementor-widget-container\">\n\t\t\t<style>\/*! elementor - v3.17.0 - 08-11-2023 *\/\n.elementor-widget-image{text-align:center}.elementor-widget-image a{display:inline-block}.elementor-widget-image a img[src$=\".svg\"]{width:48px}.elementor-widget-image img{vertical-align:middle;display:inline-block}<\/style>\t\t\t\t\t\t\t\t\t\t\t\t<img loading=\"lazy\" decoding=\"async\" width=\"1080\" height=\"1080\" src=\"https:\/\/szapolowska.pl\/wp-content\/uploads\/2023\/08\/grazyna-szapolowska-bez-tla6.png\" class=\"attachment-full size-full wp-image-1290\" alt=\"\" srcset=\"https:\/\/szapolowska.pl\/wp-content\/uploads\/2023\/08\/grazyna-szapolowska-bez-tla6.png 1080w, https:\/\/szapolowska.pl\/wp-content\/uploads\/2023\/08\/grazyna-szapolowska-bez-tla6-300x300.png 300w, https:\/\/szapolowska.pl\/wp-content\/uploads\/2023\/08\/grazyna-szapolowska-bez-tla6-1024x1024.png 1024w, https:\/\/szapolowska.pl\/wp-content\/uploads\/2023\/08\/grazyna-szapolowska-bez-tla6-150x150.png 150w, https:\/\/szapolowska.pl\/wp-content\/uploads\/2023\/08\/grazyna-szapolowska-bez-tla6-768x768.png 768w\" sizes=\"(max-width: 1080px) 100vw, 1080px\" \/>\t\t\t\t\t\t\t\t\t\t\t\t\t\t\t<\/div>\n\t\t\t\t<\/div>\n\t\t\t\t\t<\/div>\n\t\t<\/div>\n\t\t\t\t<div class=\"elementor-column elementor-col-50 elementor-top-column elementor-element elementor-element-32ba295\" data-id=\"32ba295\" data-element_type=\"column\">\n\t\t\t<div class=\"elementor-widget-wrap elementor-element-populated\">\n\t\t\t\t\t\t\t\t<div class=\"elementor-element elementor-element-38d2b87c xpro-widget-bg-overlay elementor-widget elementor-widget-heading\" data-id=\"38d2b87c\" data-element_type=\"widget\" data-settings=\"{&quot;xpro_backdrop_filter&quot;:&quot;yes&quot;}\" data-widget_type=\"heading.default\">\n\t\t\t\t<div class=\"elementor-widget-container\">\n\t\t\t<h2 class=\"elementor-heading-title elementor-size-default\">Gra\u017cyna szapo\u0142owska<\/h2>\t\t<\/div>\n\t\t\t\t<\/div>\n\t\t\t\t<div class=\"elementor-element elementor-element-b35d42e elementor-widget__width-initial elementor-widget elementor-widget-text-editor\" data-id=\"b35d42e\" data-element_type=\"widget\" data-widget_type=\"text-editor.default\">\n\t\t\t\t<div class=\"elementor-widget-container\">\n\t\t\t\t\t\t\t<h2><strong>Urodzi\u0142a si\u0119 19 wrze\u015bnia 1953 roku.<\/strong><\/h2><h2><strong>Aktorka, producentka filmowa, re\u017cyser oper we Wroc\u0142awiu.<\/strong><\/h2>\t\t\t\t\t\t<\/div>\n\t\t\t\t<\/div>\n\t\t\t\t\t<\/div>\n\t\t<\/div>\n\t\t\t\t\t\t\t<\/div>\n\t\t<\/section>\n\t\t<div class=\"elementor-element elementor-element-a1f8867 e-flex e-con-boxed e-con e-parent\" data-id=\"a1f8867\" data-element_type=\"container\" data-settings=\"{&quot;background_background&quot;:&quot;classic&quot;,&quot;content_width&quot;:&quot;boxed&quot;}\" data-core-v316-plus=\"true\">\n\t\t\t\t\t<div class=\"e-con-inner\">\n\t\t\t\t<div class=\"elementor-element elementor-element-77320c6 elementor-widget elementor-widget-text-editor\" data-id=\"77320c6\" data-element_type=\"widget\" data-widget_type=\"text-editor.default\">\n\t\t\t\t<div class=\"elementor-widget-container\">\n\t\t\t\t\t\t\t<p>W 1977 roku uko\u0144czy\u0142a PWST w Warszawie. Jeszcze przed uzyskaniem wykszta\u0142cenia artystycznego zwi\u0105zana by\u0142a z Wroc\u0142awskim Teatrem Pantomimy im. Henryka Tomaszewskiego.<span class=\"Apple-converted-space\">\u00a0<\/span><\/p><p>Po uko\u0144czeniu szko\u0142y do\u0142\u0105czy\u0142a do zespo\u0142u Teatru Narodowego pod dyrekcj\u0105 Adama Hanuszkiewicza, gdzie stworzy\u0142a kilkana\u015bcie kreacji, m. in. u Hanuszkiewicza (rola Ksi\u0119\u017cniczki w \u201e<i>\u015anie srebrnym Salomei\u201d<\/i> J. S\u0142owackiego \u2013 debiut na Scenie Narodowej), u Tadeusza Minca (rola Mai Ocho\u0142owskiej w <i>\u201eOp\u0119tanych\u201d<\/i> W. Gombrowicza) czy u Jerzego Jarockiego (rola Eleonory w <i>\u201eTangu\u201d<\/i> S. Mro\u017cka).<span class=\"Apple-converted-space\">\u00a0<\/span><\/p><p>Na wielkim ekranie zadebiutowa\u0142a u Dragovana Jovanovi\u0107a w polsko-jugos\u0142owia\u0144skim dramacie psychologicznym <i>\u201eZapach ziemi\u201d<\/i> (1977r.), jednak prawdziw\u0105 inauguracj\u0105 jej kariery filmowej by\u0142a rola Livii w w\u0119gierskiej produkcji <i>\u201eInne spojrzenie\u201d<\/i> (1982r., re\u017c. K\u00e1roly Makk), nagrodzonym Z\u0142ot\u0105 Palm\u0105 na festiwalu w Cannes.<span class=\"Apple-converted-space\">\u00a0<\/span><\/p><p>W swoim filmowym dorobku ma role, kt\u00f3re na sta\u0142e wpisa\u0142y si\u0119 w kanon polskiego i \u015bwiatowego kina. Gra\u0142a zar\u00f3wno u rodzimych jak i zagranicznych re\u017cyser\u00f3w, m. in. Andrzeja Wajdy (\u201e<i>Pan Tadeusz\u201d, \u201eNoc czerwcowa\u201d)<\/i>, Krzysztofa Kie\u015blowskiego (<i>\u201eBez ko\u0144ca\u201d, \u201eKr\u00f3tki film o mi\u0142o\u015bci\u201d<\/i>), Filipa Bajona (<i>\u201eBia\u0142a wizyt\u00f3wka\u201d, \u201eMagnat\u201d<\/i>)<i>,<\/i> Sylwestra Ch\u0119ci\u0144skiego (<i>\u201eWielki Szu\u201d<\/i>)<i>,<\/i> Janusza Rzeszewskiego (<i>\u201eLata dwudzieste\u2026 lata trzydzieste\u201d<\/i>), Andrzeja Bara\u0144skiego (<i>\u201eTabu\u201d<\/i>)<i>,<\/i> Leszka Wosiewicza (<i>\u201eKroniki domowe\u201d<\/i>)<i>,<\/i> Wies\u0142awa Saniewskiego (<i>\u201eNadz\u00f3r\u201d<\/i>)<i>,<\/i> Jerzego Hoffmana (<i>\u201ePi\u0119kna nieznajoma\u201d, \u201e1920 Bitwa warszawska\u201d<\/i>), Jana Kidawy-B\u0142o\u0144skiego (<i>\u201eR\u00f3\u017cyczka\u201d<\/i>), Krzysztofa Zanussiego (<i>\u201eBrat naszego Boga\u201d<\/i>)<i>,<\/i> Konrada Niewolskiego (<i>\u201eAsymetria\u201d<\/i>)<i>.<\/i><\/p><p>Wielokrotnie wsp\u00f3\u0142pracowa\u0142a z w\u0142oskimi, w\u0119gierskimi, rosyjskimi i niemieckimi re\u017cyserami, do grona kt\u00f3rych nale\u017celi m. in.: Florestano Vancini (<i>\u201ePlac Hiszpa\u0144ski\u201d<\/i>), Marco Bellocchio (<i>\u201eLa Condanna\u201d<\/i>), Francesco Ranieri Martinotti (<i>\u201eAbissinia\u201d<\/i>), Giacomo Battiato (<i>\u201eKarol\u2013cz\u0142owiek, kt\u00f3ry zosta\u0142 papie\u017cem\u201d<\/i>)<i>,<\/i> K\u00e1roly Makk (<i>\u201eInne spojrzenie\u201d<\/i>), M\u00e1rta M\u00e9sz\u00e1ros (<i>\u201eEdith i Marlene\u201d<\/i>)<i>,<\/i> S\u00e1ndor S\u00e1ra (<i>\u201eOsiemdziesi\u0119ciu huzar\u00f3w\u201d<\/i>)<i>,<\/i> L\u00e1szl\u00f3 Lugossy (<i>\u201eP\u0142atki, kwiaty, wie\u0144ce\u201d<\/i>)<i>,<\/i> Istv\u00e1n Szab\u00f3 (<i>\u201eHanussen\u201d<\/i>)<i>,<\/i> Igor Gostev i Rimon Butros (<i>\u201eZagon\u201d<\/i>)<i>,<\/i> Vitaly Melnikov (<i>\u201ePierwsze spotkanie\u2013ostatnie spotkanie\u201d<\/i>)<i>,<\/i> Tevfik Baser <i>(\u201e\u017begnaj, cudzoziemko\u201d).<\/i><span class=\"Apple-converted-space\">\u00a0<\/span><\/p><p>Wyre\u017cyserowa\u0142a dwie opery: <i>\u201eHalk\u0119\u201d<\/i> Stanis\u0142awa Moniuszki i <i>\u201eTraviat\u0119\u201d<\/i> Giuseppe Verdiego.<span class=\"Apple-converted-space\">\u00a0<\/span><\/p><p>Zosta\u0142a odznaczona Krzy\u017cem Kawalerskim Orderu Odrodzenia Polski oraz Z\u0142otym Medalem \u201eZas\u0142u\u017cony Kulturze Gloria Artis\u201d.<span class=\"Apple-converted-space\">\u00a0<\/span><\/p><p>Wielokrotnie nagradzana na polskich i mi\u0119dzynarodowych festiwalach filmowych. Za <i>\u201eKr\u00f3tki film o mi\u0142o\u015bci\u201d<\/i> zosta\u0142a uhonorowana \u201eSrebrnym Hugo\u201d na MFF w Chicago. Za <i>\u201ePlac Hiszpa\u0144ski\u201d<\/i> otrzyma\u0142a Nagrod\u0119 im. Ennio Flaiano. Jest tak\u017ce laureatk\u0105 <i>\u201eOr\u0142a\u201d<\/i> za \u201enajlepsz\u0105 rol\u0119 kobiec\u0105\u201d (<i>\u201ePan Tadeusz\u201d<\/i>), <i>\u201eLwa\u201d<\/i> na Festiwalu Polskich Film\u00f3w Fabularnych w Gdyni (<i>\u201eKr\u00f3tki film o mi\u0142o\u015bci\u201d<\/i>) oraz pi\u0119ciu <i>\u201eZ\u0142otych Kaczek\u201d<\/i> w kategoriach \u201enajlepsza polska aktorka\u201d, \u201enajlepsza rola kobieca\u201d, \u201enajlepsza amantka w historii polskiego kina\u201d (<i>\u201eKr\u00f3tki film o mi\u0142o\u015bci\u201d, \u201eMagnat\u201d<\/i>)<i>.<\/i><span class=\"Apple-converted-space\">\u00a0<\/span><\/p><p>Jest autork\u0105 czterech ksi\u0105\u017cek: <i>\u201ePoca\u0142unki\u201d<\/i> (2005), <i>\u201e\u015acigaj\u0105c pami\u0119\u0107\u201d<\/i> (2013), <i>\u201ePoza mn\u0105\u201d<\/i> (2013), <i>\u201eZapomnia\u0142am o tobie\u201d<\/i> (2015). W 2016 roku wyda\u0142a p\u0142yt\u0119 <i>\u201eKochaj mnie\u201d.<\/i><span class=\"Apple-converted-space\">\u00a0<\/span><\/p><p>W 2020 roku zagra\u0142a w filmie \u201eAsymetria\u201d w re\u017cyserii Konrada Niewolskiego. Film na ekrany wejdzie jesieni\u0105.<\/p>\t\t\t\t\t\t<\/div>\n\t\t\t\t<\/div>\n\t\t\t\t\t<\/div>\n\t\t\t\t<\/div>\n\t\t\t\t\t\t\t<\/div>\n\t\t","protected":false},"excerpt":{"rendered":"<p>BIOGRAFIA Gra\u017cyna szapo\u0142owska Urodzi\u0142a si\u0119 19 wrze\u015bnia 1953 roku. Aktorka, producentka filmowa, re\u017cyser oper we Wroc\u0142awiu. W 1977 roku uko\u0144czy\u0142a PWST w Warszawie. Jeszcze przed uzyskaniem wykszta\u0142cenia artystycznego zwi\u0105zana by\u0142a z Wroc\u0142awskim Teatrem Pantomimy im. Henryka Tomaszewskiego.\u00a0 Po uko\u0144czeniu szko\u0142y do\u0142\u0105czy\u0142a do zespo\u0142u Teatru Narodowego pod dyrekcj\u0105 Adama Hanuszkiewicza, gdzie stworzy\u0142a kilkana\u015bcie kreacji, m. in.&hellip;&nbsp;<a href=\"https:\/\/szapolowska.pl\/index.php\/strona-glowna\/biografia\/\" class=\"\" rel=\"bookmark\">Czytaj dalej &raquo;<span class=\"screen-reader-text\">Biografia<\/span><\/a><\/p>\n","protected":false},"author":1,"featured_media":0,"parent":1445,"menu_order":0,"comment_status":"closed","ping_status":"closed","template":"","meta":{"neve_meta_sidebar":"","neve_meta_container":"","neve_meta_enable_content_width":"","neve_meta_content_width":0,"neve_meta_title_alignment":"","neve_meta_author_avatar":"","neve_post_elements_order":"","neve_meta_disable_header":"","neve_meta_disable_footer":"","neve_meta_disable_title":"","footnotes":""},"_links":{"self":[{"href":"https:\/\/szapolowska.pl\/index.php\/wp-json\/wp\/v2\/pages\/1559"}],"collection":[{"href":"https:\/\/szapolowska.pl\/index.php\/wp-json\/wp\/v2\/pages"}],"about":[{"href":"https:\/\/szapolowska.pl\/index.php\/wp-json\/wp\/v2\/types\/page"}],"author":[{"embeddable":true,"href":"https:\/\/szapolowska.pl\/index.php\/wp-json\/wp\/v2\/users\/1"}],"replies":[{"embeddable":true,"href":"https:\/\/szapolowska.pl\/index.php\/wp-json\/wp\/v2\/comments?post=1559"}],"version-history":[{"count":52,"href":"https:\/\/szapolowska.pl\/index.php\/wp-json\/wp\/v2\/pages\/1559\/revisions"}],"predecessor-version":[{"id":1668,"href":"https:\/\/szapolowska.pl\/index.php\/wp-json\/wp\/v2\/pages\/1559\/revisions\/1668"}],"up":[{"embeddable":true,"href":"https:\/\/szapolowska.pl\/index.php\/wp-json\/wp\/v2\/pages\/1445"}],"wp:attachment":[{"href":"https:\/\/szapolowska.pl\/index.php\/wp-json\/wp\/v2\/media?parent=1559"}],"curies":[{"name":"wp","href":"https:\/\/api.w.org\/{rel}","templated":true}]}}